{"id":13596,"date":"2022-07-04T03:38:06","date_gmt":"2022-07-04T07:38:06","guid":{"rendered":"https:\/\/season2seasonyardcare.ca\/packages\/"},"modified":"2024-03-18T10:12:39","modified_gmt":"2024-03-18T14:12:39","slug":"packages","status":"publish","type":"page","link":"https:\/\/season2seasonyardcare.ca\/fr\/packages\/","title":{"rendered":"Forfaits"},"content":{"rendered":"\t\t<div data-elementor-type=\"wp-page\" data-elementor-id=\"13596\" class=\"elementor elementor-13596 elementor-8052\">\n\t\t\t\t        <section class=\"elementor-section elementor-top-section elementor-element elementor-element-0ad8608 elementor-section-stretched elementor-section-boxed elementor-section-height-default elementor-section-height-default pxl-type-header-none pxl-bg-color-none pxl-row-scroll-none\" data-id=\"0ad8608\" data-element_type=\"section\" data-settings=\"{&quot;stretch_section&quot;:&quot;section-stretched&quot;,&quot;background_background&quot;:&quot;classic&quot;}\">\n\n                            <div class=\"elementor-background-overlay\"><\/div>\n            \n                <div class=\"elementor-container elementor-column-gap-extended \">\n                <div class=\"elementor-column elementor-col-100 elementor-top-column elementor-element elementor-element-02b42cd pxl-col-none pxl-column-none\" data-id=\"02b42cd\" data-element_type=\"column\">\r\n                            <div class=\"elementor-widget-wrap elementor-element-populated\">\r\n         \r\n        \t\t<div class=\"elementor-element elementor-element-b84cf2e elementor-widget elementor-widget-pxl_heading\" data-id=\"b84cf2e\" data-element_type=\"widget\" data-widget_type=\"pxl_heading.default\">\n\t\t\t\t<div class=\"elementor-widget-container\">\n\t\t\t<div class=\"pxl-heading\">\n\t<div class=\"pxl-heading--inner\">\n\t\t\t\t<h3 class=\"pxl-item--title wow fadeInDown \" data-wow-delay=\"200ms\">\n\t\t\tForfaits de soins premium pour pelouse pour un paysage luxuriant\t\t\n\t\t<\/h3>\n\t<\/div>\n<\/div>\t\t<\/div>\n\t\t\t\t<\/div>\n\t\t\t\t<div class=\"elementor-element elementor-element-5cb09bc elementor-widget elementor-widget-pxl_tabs\" data-id=\"5cb09bc\" data-element_type=\"widget\" data-widget_type=\"pxl_tabs.default\">\n\t\t\t\t<div class=\"elementor-widget-container\">\n\t\t\t    <div class=\"pxl-tabs pxl-tabs1 tab-effect-slide style-button-radio \" data-wow-delay=\"ms\">\n        <div class=\"pxl-tabs--inner\">\n\n            <div class=\"pxl-tabs--title\">\n                                    <span class=\"pxl-item--title active\" data-target=\"#pxl_tabs-5cb09bc-7344-3cb31f8\">\n                        <span class=\"pxl-title--text\">\n                                                        Forfaits disponibles                        <\/span>\n                                            <\/span>\n                                                <\/div>\n\n            <div class=\"pxl-tabs--content\">\n                                    <div id=\"pxl_tabs-5cb09bc-7344-3cb31f8\" class=\"pxl-item--content pxl-tabs--elementor\" style=\"display: block;\">\n                        \t\t<div data-elementor-type=\"wp-post\" data-elementor-id=\"13819\" class=\"elementor elementor-13819\">\n\t\t\t\t        <section class=\"elementor-section elementor-top-section elementor-element elementor-element-7c3d3d7 elementor-section-boxed elementor-section-height-default elementor-section-height-default pxl-type-header-none pxl-bg-color-none pxl-row-scroll-none\" data-id=\"7c3d3d7\" data-element_type=\"section\">\n\n                \n                <div class=\"elementor-container elementor-column-gap-extended \">\n                <div class=\"elementor-column elementor-col-33 elementor-top-column elementor-element elementor-element-f34cce1 pxl-col-none pxl-column-none\" data-id=\"f34cce1\" data-element_type=\"column\">\r\n                            <div class=\"elementor-widget-wrap elementor-element-populated\">\r\n         \r\n        \t\t<div class=\"elementor-element elementor-element-0d9ddb8 elementor-widget elementor-widget-pxl_pricing\" data-id=\"0d9ddb8\" data-element_type=\"widget\" data-widget_type=\"pxl_pricing.default\">\n\t\t\t\t<div class=\"elementor-widget-container\">\n\t\t\t<div class=\"pxl-pricing pxl-pricing1 wow fadeInUp\" data-wow-delay=\"ms\">\n        <div class=\"pxl-meta\">\n        <h3 class=\"pxl-title\"><span>Forfait d&#039;entretien<\/span><\/h3>\n        <div class=\"pxl-excerpt\">Rehaussez votre espace ext\u00e9rieur avec notre forfait d&#039;entretien sur mesure, garantissant une pelouse luxuriante et vibrante.<\/div>\n    <\/div>\n    <div class=\"pxl-price\">\n        <span class=\"pxl-value\"><\/span>\n        <span class=\"pxl-suffix\"><\/span>\n    <\/div>\n            <ul class=\"pxl-feature\">\n                            <li class=\"is-active\"><i class=\"caseicon-check\"><\/i>A\u00e9ration m\u00e9canique du sol (1x)<\/li>\n                            <li class=\"is-active\"><i class=\"caseicon-check\"><\/i>Application d'engrais (3x)<\/li>\n                            <li class=\"is-active\"><i class=\"caseicon-check\"><\/i>Sursemis de la pelouse (1x)<\/li>\n                    <\/ul>\n                <div class=\"pxl-button\">\n            <a class=\"btn-pric\" href=\"https:\/\/season2seasonyardcare.ca\/fr\/devis\/\">\n                Obtenez un devis gratuit            <\/a>\n        <\/div>\n    <\/div>\t\t<\/div>\n\t\t\t\t<\/div>\n\t\t            <\/div>\r\n        <\/div>\r\n                <div class=\"elementor-column elementor-col-33 elementor-top-column elementor-element elementor-element-8b5a0fe pxl-col-none pxl-column-none\" data-id=\"8b5a0fe\" data-element_type=\"column\">\r\n                            <div class=\"elementor-widget-wrap elementor-element-populated\">\r\n         \r\n        \t\t<div class=\"elementor-element elementor-element-947fdfe elementor-widget elementor-widget-pxl_pricing\" data-id=\"947fdfe\" data-element_type=\"widget\" data-widget_type=\"pxl_pricing.default\">\n\t\t\t\t<div class=\"elementor-widget-container\">\n\t\t\t<div class=\"pxl-pricing pxl-pricing1 wow fadeInUp\" data-wow-delay=\"ms\">\n        <div class=\"pxl-meta\">\n        <h3 class=\"pxl-title\"><span>Forfait Automne<\/span><\/h3>\n        <div class=\"pxl-excerpt\">Plongez dans la perfection avec notre exclusif Forfait Automne, con\u00e7u pour r\u00e9pondre aux besoins saisonniers de votre jardin<\/div>\n    <\/div>\n    <div class=\"pxl-price\">\n        <span class=\"pxl-value\"><\/span>\n        <span class=\"pxl-suffix\"><\/span>\n    <\/div>\n            <ul class=\"pxl-feature\">\n                            <li class=\"is-active\"><i class=\"caseicon-check\"><\/i>Ramassage complet de la pelouse<\/li>\n                            <li class=\"is-active\"><i class=\"caseicon-check\"><\/i>Derni\u00e8re tonte de gazon et ramassage (1x)<\/li>\n                            <li class=\"is-active\"><i class=\"caseicon-check\"><\/i>A\u00e9ration m\u00e9canique du sol<\/li>\n                            <li class=\"is-active\"><i class=\"caseicon-check\"><\/i>Nettoyage des plates-bandes de fleurs<\/li>\n                            <li class=\"is-active\"><i class=\"caseicon-check\"><\/i>Application d'engrais d'automne (1x)<\/li>\n                            <li class=\"is-active\"><i class=\"caseicon-check\"><\/i>Remise en place des meubles de jardin<\/li>\n                            <li class=\"is-active\"><i class=\"caseicon-check\"><\/i>Sursemis de la pelouse (1x)<\/li>\n                    <\/ul>\n                <div class=\"pxl-button\">\n            <a class=\"btn-pric\" href=\"https:\/\/season2seasonyardcare.ca\/fr\/devis\/\">\n                Obtenez un devis gratuit            <\/a>\n        <\/div>\n    <\/div>\t\t<\/div>\n\t\t\t\t<\/div>\n\t\t            <\/div>\r\n        <\/div>\r\n                <div class=\"elementor-column elementor-col-33 elementor-top-column elementor-element elementor-element-6f0dc99 pxl-col-none pxl-column-none\" data-id=\"6f0dc99\" data-element_type=\"column\">\r\n                            <div class=\"elementor-widget-wrap elementor-element-populated\">\r\n         \r\n        \t\t<div class=\"elementor-element elementor-element-78e06e5 elementor-widget elementor-widget-pxl_pricing\" data-id=\"78e06e5\" data-element_type=\"widget\" data-widget_type=\"pxl_pricing.default\">\n\t\t\t\t<div class=\"elementor-widget-container\">\n\t\t\t<div class=\"pxl-pricing pxl-pricing1 wow fadeInUp\" data-wow-delay=\"ms\">\n        <div class=\"pxl-meta\">\n        <h3 class=\"pxl-title\"><span>Forfait Printemps<\/span><\/h3>\n        <div class=\"pxl-excerpt\">Renouvelez votre jardin avec notre forfait exclusif du printemps pour une transformation ext\u00e9rieure vibrante<\/div>\n    <\/div>\n    <div class=\"pxl-price\">\n        <span class=\"pxl-value\"><\/span>\n        <span class=\"pxl-suffix\"><\/span>\n    <\/div>\n            <ul class=\"pxl-feature\">\n                            <li class=\"is-active\"><i class=\"caseicon-check\"><\/i>Ramassage complet de la pelouse<\/li>\n                            <li class=\"is-active\"><i class=\"caseicon-check\"><\/i>Derni\u00e8re tonte du gazon, ramassage et \u00e9vacuation<\/li>\n                            <li class=\"is-active\"><i class=\"caseicon-check\"><\/i>A\u00e9ration m\u00e9canique du sol (1x)<\/li>\n                            <li class=\"is-active\"><i class=\"caseicon-check\"><\/i>Application d'engrais au printemps (1x)<\/li>\n                            <li class=\"is-active\"><i class=\"caseicon-check\"><\/i>Balayage des all\u00e9es et des escaliers<\/li>\n                            <li class=\"is-active\"><i class=\"caseicon-check\"><\/i>Sursemis de la pelouse (1x)<\/li>\n                    <\/ul>\n                <div class=\"pxl-button\">\n            <a class=\"btn-pric\" href=\"https:\/\/season2seasonyardcare.ca\/fr\/devis\/\">\n                Get a Free Quote            <\/a>\n        <\/div>\n    <\/div>\t\t<\/div>\n\t\t\t\t<\/div>\n\t\t            <\/div>\r\n        <\/div>\r\n        \t\t\t<\/div>\n\t\t<\/section>\n\t\t        <section class=\"elementor-section elementor-top-section elementor-element elementor-element-2ae5aeb elementor-section-boxed elementor-section-height-default elementor-section-height-default pxl-type-header-none pxl-bg-color-none pxl-row-scroll-none\" data-id=\"2ae5aeb\" data-element_type=\"section\">\n\n                \n                <div class=\"elementor-container elementor-column-gap-extended \">\n                <div class=\"elementor-column elementor-col-33 elementor-top-column elementor-element elementor-element-dec60ef pxl-col-none pxl-column-none\" data-id=\"dec60ef\" data-element_type=\"column\">\r\n                            <div class=\"elementor-widget-wrap elementor-element-populated\">\r\n         \r\n        \t\t<div class=\"elementor-element elementor-element-9e57b2d elementor-widget elementor-widget-pxl_pricing\" data-id=\"9e57b2d\" data-element_type=\"widget\" data-widget_type=\"pxl_pricing.default\">\n\t\t\t\t<div class=\"elementor-widget-container\">\n\t\t\t<div class=\"pxl-pricing pxl-pricing1 wow fadeInUp\" data-wow-delay=\"ms\">\n        <div class=\"pxl-meta\">\n        <h3 class=\"pxl-title\"><span>Forfait de base<\/span><\/h3>\n        <div class=\"pxl-excerpt\">Ch\u00e9rissez votre havre de verdure avec notre Forfait de Base pour l&#039;Entretien de la Pelouse, offrant des services essentiels pour garder votre espace ext\u00e9rieur propre et florissant<\/div>\n    <\/div>\n    <div class=\"pxl-price\">\n        <span class=\"pxl-value\"><\/span>\n        <span class=\"pxl-suffix\"><\/span>\n    <\/div>\n            <ul class=\"pxl-feature\">\n                            <li class=\"is-active\"><i class=\"caseicon-check\"><\/i>Tonte de la pelouse (Saison)<\/li>\n                            <li class=\"is-active\"><i class=\"caseicon-check\"><\/i>Nettoyage du terrain<\/li>\n                            <li class=\"is-active\"><i class=\"caseicon-check\"><\/i>Nettoyage des d\u00e9bris de tonte<\/li>\n                            <li class=\"is-active\"><i class=\"caseicon-check\"><\/i>Le ramassage des d\u00e9bris de tonte peut \u00eatre effectu\u00e9 moyennant des frais suppl\u00e9mentaires<\/li>\n                    <\/ul>\n                <div class=\"pxl-button\">\n            <a class=\"btn-pric\" href=\"https:\/\/season2seasonyardcare.ca\/fr\/devis\/\">\n                Obtenez un devis gratuit            <\/a>\n        <\/div>\n    <\/div>\t\t<\/div>\n\t\t\t\t<\/div>\n\t\t            <\/div>\r\n        <\/div>\r\n                <div class=\"elementor-column elementor-col-33 elementor-top-column elementor-element elementor-element-df38f93 pxl-col-none pxl-column-none\" data-id=\"df38f93\" data-element_type=\"column\">\r\n                            <div class=\"elementor-widget-wrap elementor-element-populated\">\r\n         \r\n        \t\t<div class=\"elementor-element elementor-element-f955637 elementor-widget elementor-widget-pxl_pricing\" data-id=\"f955637\" data-element_type=\"widget\" data-widget_type=\"pxl_pricing.default\">\n\t\t\t\t<div class=\"elementor-widget-container\">\n\t\t\t<div class=\"pxl-pricing pxl-pricing1 wow fadeInUp\" data-wow-delay=\"ms\">\n        <div class=\"pxl-meta\">\n        <h3 class=\"pxl-title\"><span>Forfait Essentiel<\/span><\/h3>\n        <div class=\"pxl-excerpt\">Revitalisez votre havre ext\u00e9rieur avec notre Forfait Essentiel, offrant des soins fondamentaux pour maintenir votre jardin florissant et magnifique<\/div>\n    <\/div>\n    <div class=\"pxl-price\">\n        <span class=\"pxl-value\"><\/span>\n        <span class=\"pxl-suffix\"><\/span>\n    <\/div>\n            <ul class=\"pxl-feature\">\n                            <li class=\"is-active\"><i class=\"caseicon-check\"><\/i>Tonte de la pelouse (Saison)<\/li>\n                            <li class=\"is-active\"><i class=\"caseicon-check\"><\/i>A\u00e9ration m\u00e9canique du sol (1 fois au printemps ou en automne)<\/li>\n                            <li class=\"is-active\"><i class=\"caseicon-check\"><\/i>Sursemis de la pelouse (1x)<\/li>\n                            <li class=\"is-active\"><i class=\"caseicon-check\"><\/i>Application d'engrais (1x)<\/li>\n                            <li class=\"is-active\"><i class=\"caseicon-check\"><\/i>Le ramassage des d\u00e9bris de tonte peut \u00eatre effectu\u00e9 moyennant des frais suppl\u00e9mentaires<\/li>\n                    <\/ul>\n                <div class=\"pxl-button\">\n            <a class=\"btn-pric\" href=\"https:\/\/season2seasonyardcare.ca\/fr\/devis\/\">\n                Obtenez un devis gratuit            <\/a>\n        <\/div>\n    <\/div>\t\t<\/div>\n\t\t\t\t<\/div>\n\t\t            <\/div>\r\n        <\/div>\r\n                <div class=\"elementor-column elementor-col-33 elementor-top-column elementor-element elementor-element-f38419a pxl-col-none pxl-column-none\" data-id=\"f38419a\" data-element_type=\"column\">\r\n                            <div class=\"elementor-widget-wrap elementor-element-populated\">\r\n         \r\n        \t\t<div class=\"elementor-element elementor-element-d34647b elementor-widget elementor-widget-pxl_pricing\" data-id=\"d34647b\" data-element_type=\"widget\" data-widget_type=\"pxl_pricing.default\">\n\t\t\t\t<div class=\"elementor-widget-container\">\n\t\t\t<div class=\"pxl-pricing pxl-pricing1 wow fadeInUp\" data-wow-delay=\"ms\">\n        <div class=\"pxl-meta\">\n        <h3 class=\"pxl-title\"><span>Forfait Premium<\/span><\/h3>\n        <div class=\"pxl-excerpt\">Embelleissez votre jardin avec notre forfait de soins haut de gamme pour un espace ext\u00e9rieur magnifiquement entretenu et vibrant<\/div>\n    <\/div>\n    <div class=\"pxl-price\">\n        <span class=\"pxl-value\"><\/span>\n        <span class=\"pxl-suffix\"><\/span>\n    <\/div>\n            <ul class=\"pxl-feature\">\n                            <li class=\"is-active\"><i class=\"caseicon-check\"><\/i>Tonte de la pelouse (Saison)<\/li>\n                            <li class=\"is-active\"><i class=\"caseicon-check\"><\/i>Ramassage des d\u00e9bris de tonte<\/li>\n                            <li class=\"is-active\"><i class=\"caseicon-check\"><\/i>Nettoyage du terrain<\/li>\n                            <li class=\"is-active\"><i class=\"caseicon-check\"><\/i>A\u00e9ration m\u00e9canique du sol (1 fois au printemps ou en automne)<\/li>\n                            <li class=\"is-active\"><i class=\"caseicon-check\"><\/i>Sursemis de pelouse (2 fois au printemps et \u00e0 l'automne)<\/li>\n                            <li class=\"is-active\"><i class=\"caseicon-check\"><\/i>Application d'engrais (3 fois - au printemps, \u00e0 la mi-\u00e9t\u00e9 et \u00e0 l'automne)<\/li>\n                    <\/ul>\n                <div class=\"pxl-button\">\n            <a class=\"btn-pric\" href=\"https:\/\/season2seasonyardcare.ca\/fr\/devis\/\">\n                Obtenez un devis gratuit            <\/a>\n        <\/div>\n    <\/div>\t\t<\/div>\n\t\t\t\t<\/div>\n\t\t            <\/div>\r\n        <\/div>\r\n        \t\t\t<\/div>\n\t\t<\/section>\n\t\t\t\t<\/div>\n\t\t        \n                    <\/div>\n                            <\/div>\n            \n        <\/div>\n    <\/div>\n\t\t<\/div>\n\t\t\t\t<\/div>\n\t\t            <\/div>\r\n        <\/div>\r\n        \t\t\t<\/div>\n\t\t<\/section>\n\t\t\t\t<\/div>\n\t\t","protected":false},"excerpt":{"rendered":"<p>Forfaits de soins premium pour pelouse pour un paysage luxuriant Forfaits disponibles Forfait d&#039;entretien Rehaussez votre espace ext\u00e9rieur avec notre forfait d&#039;entretien sur mesure, garantissant une pelouse luxuriante et vibrante. A\u00e9ration m\u00e9canique du sol (1x) Application d&#8217;engrais (3x) Sursemis de la pelouse (1x) Obtenez un devis gratuit Forfait Automne Plongez dans la perfection avec notre [&hellip;]<\/p>\n","protected":false},"author":1,"featured_media":0,"parent":0,"menu_order":0,"comment_status":"closed","ping_status":"closed","template":"","meta":{"footnotes":""},"class_list":["post-13596","page","type-page","status-publish","hentry"],"yoast_head":"<!-- This site is optimized with the Yoast SEO plugin v22.6 - https:\/\/yoast.com\/wordpress\/plugins\/seo\/ -->\n<title>Forfaits - Season 2 Season Yard Care<\/title>\n<meta name=\"robots\" content=\"index, follow, max-snippet:-1, max-image-preview:large, max-video-preview:-1\" \/>\n<link rel=\"canonical\" href=\"https:\/\/season2seasonyardcare.ca\/fr\/packages\/\" \/>\n<meta property=\"og:locale\" content=\"fr_FR\" \/>\n<meta property=\"og:type\" content=\"article\" \/>\n<meta property=\"og:title\" content=\"Forfaits - Season 2 Season Yard Care\" \/>\n<meta property=\"og:description\" content=\"Forfaits de soins premium pour pelouse pour un paysage luxuriant Forfaits disponibles Forfait d&#039;entretien Rehaussez votre espace ext\u00e9rieur avec notre forfait d&#039;entretien sur mesure, garantissant une pelouse luxuriante et vibrante. A\u00e9ration m\u00e9canique du sol (1x) Application d&#8217;engrais (3x) Sursemis de la pelouse (1x) Obtenez un devis gratuit Forfait Automne Plongez dans la perfection avec notre [&hellip;]\" \/>\n<meta property=\"og:url\" content=\"https:\/\/season2seasonyardcare.ca\/fr\/packages\/\" \/>\n<meta property=\"og:site_name\" content=\"Season 2 Season Yard Care\" \/>\n<meta property=\"article:publisher\" content=\"https:\/\/www.facebook.com\/Season2Seasonyardcare\/\" \/>\n<meta property=\"article:modified_time\" content=\"2024-03-18T14:12:39+00:00\" \/>\n<meta name=\"twitter:card\" content=\"summary_large_image\" \/>\n<meta name=\"twitter:label1\" content=\"Dur\u00e9e de lecture estim\u00e9e\" \/>\n\t<meta name=\"twitter:data1\" content=\"4 minutes\" \/>\n<script type=\"application\/ld+json\" class=\"yoast-schema-graph\">{\"@context\":\"https:\/\/schema.org\",\"@graph\":[{\"@type\":\"WebPage\",\"@id\":\"https:\/\/season2seasonyardcare.ca\/fr\/packages\/\",\"url\":\"https:\/\/season2seasonyardcare.ca\/fr\/packages\/\",\"name\":\"Forfaits - Season 2 Season Yard Care\",\"isPartOf\":{\"@id\":\"https:\/\/season2seasonyardcare.ca\/fr\/#website\"},\"datePublished\":\"2022-07-04T07:38:06+00:00\",\"dateModified\":\"2024-03-18T14:12:39+00:00\",\"breadcrumb\":{\"@id\":\"https:\/\/season2seasonyardcare.ca\/fr\/packages\/#breadcrumb\"},\"inLanguage\":\"fr-FR\",\"potentialAction\":[{\"@type\":\"ReadAction\",\"target\":[\"https:\/\/season2seasonyardcare.ca\/fr\/packages\/\"]}]},{\"@type\":\"BreadcrumbList\",\"@id\":\"https:\/\/season2seasonyardcare.ca\/fr\/packages\/#breadcrumb\",\"itemListElement\":[{\"@type\":\"ListItem\",\"position\":1,\"name\":\"Home\",\"item\":\"https:\/\/season2seasonyardcare.ca\/fr\/\"},{\"@type\":\"ListItem\",\"position\":2,\"name\":\"Forfaits\"}]},{\"@type\":\"WebSite\",\"@id\":\"https:\/\/season2seasonyardcare.ca\/fr\/#website\",\"url\":\"https:\/\/season2seasonyardcare.ca\/fr\/\",\"name\":\"Season2Season Yard Care\",\"description\":\"Timmins, ON\",\"publisher\":{\"@id\":\"https:\/\/season2seasonyardcare.ca\/fr\/#organization\"},\"potentialAction\":[{\"@type\":\"SearchAction\",\"target\":{\"@type\":\"EntryPoint\",\"urlTemplate\":\"https:\/\/season2seasonyardcare.ca\/fr\/?s={search_term_string}\"},\"query-input\":\"required name=search_term_string\"}],\"inLanguage\":\"fr-FR\"},{\"@type\":\"Organization\",\"@id\":\"https:\/\/season2seasonyardcare.ca\/fr\/#organization\",\"name\":\"Season2Season Yard Care\",\"url\":\"https:\/\/season2seasonyardcare.ca\/fr\/\",\"logo\":{\"@type\":\"ImageObject\",\"inLanguage\":\"fr-FR\",\"@id\":\"https:\/\/season2seasonyardcare.ca\/fr\/#\/schema\/logo\/image\/\",\"url\":\"https:\/\/season2seasonyardcare.ca\/wp-content\/uploads\/2023\/11\/logo-web.png\",\"contentUrl\":\"https:\/\/season2seasonyardcare.ca\/wp-content\/uploads\/2023\/11\/logo-web.png\",\"width\":486,\"height\":168,\"caption\":\"Season2Season Yard Care\"},\"image\":{\"@id\":\"https:\/\/season2seasonyardcare.ca\/fr\/#\/schema\/logo\/image\/\"},\"sameAs\":[\"https:\/\/www.facebook.com\/Season2Seasonyardcare\/\",\"https:\/\/www.instagram.com\/season2seasonyardcare_timmins\/\"]}]}<\/script>\n<!-- \/ Yoast SEO plugin. -->","yoast_head_json":{"title":"Forfaits - Season 2 Season Yard Care","robots":{"index":"index","follow":"follow","max-snippet":"max-snippet:-1","max-image-preview":"max-image-preview:large","max-video-preview":"max-video-preview:-1"},"canonical":"https:\/\/season2seasonyardcare.ca\/fr\/packages\/","og_locale":"fr_FR","og_type":"article","og_title":"Forfaits - Season 2 Season Yard Care","og_description":"Forfaits de soins premium pour pelouse pour un paysage luxuriant Forfaits disponibles Forfait d&#039;entretien Rehaussez votre espace ext\u00e9rieur avec notre forfait d&#039;entretien sur mesure, garantissant une pelouse luxuriante et vibrante. A\u00e9ration m\u00e9canique du sol (1x) Application d&#8217;engrais (3x) Sursemis de la pelouse (1x) Obtenez un devis gratuit Forfait Automne Plongez dans la perfection avec notre [&hellip;]","og_url":"https:\/\/season2seasonyardcare.ca\/fr\/packages\/","og_site_name":"Season 2 Season Yard Care","article_publisher":"https:\/\/www.facebook.com\/Season2Seasonyardcare\/","article_modified_time":"2024-03-18T14:12:39+00:00","twitter_card":"summary_large_image","twitter_misc":{"Dur\u00e9e de lecture estim\u00e9e":"4 minutes"},"schema":{"@context":"https:\/\/schema.org","@graph":[{"@type":"WebPage","@id":"https:\/\/season2seasonyardcare.ca\/fr\/packages\/","url":"https:\/\/season2seasonyardcare.ca\/fr\/packages\/","name":"Forfaits - Season 2 Season Yard Care","isPartOf":{"@id":"https:\/\/season2seasonyardcare.ca\/fr\/#website"},"datePublished":"2022-07-04T07:38:06+00:00","dateModified":"2024-03-18T14:12:39+00:00","breadcrumb":{"@id":"https:\/\/season2seasonyardcare.ca\/fr\/packages\/#breadcrumb"},"inLanguage":"fr-FR","potentialAction":[{"@type":"ReadAction","target":["https:\/\/season2seasonyardcare.ca\/fr\/packages\/"]}]},{"@type":"BreadcrumbList","@id":"https:\/\/season2seasonyardcare.ca\/fr\/packages\/#breadcrumb","itemListElement":[{"@type":"ListItem","position":1,"name":"Home","item":"https:\/\/season2seasonyardcare.ca\/fr\/"},{"@type":"ListItem","position":2,"name":"Forfaits"}]},{"@type":"WebSite","@id":"https:\/\/season2seasonyardcare.ca\/fr\/#website","url":"https:\/\/season2seasonyardcare.ca\/fr\/","name":"Season2Season Yard Care","description":"Timmins, ON","publisher":{"@id":"https:\/\/season2seasonyardcare.ca\/fr\/#organization"},"potentialAction":[{"@type":"SearchAction","target":{"@type":"EntryPoint","urlTemplate":"https:\/\/season2seasonyardcare.ca\/fr\/?s={search_term_string}"},"query-input":"required name=search_term_string"}],"inLanguage":"fr-FR"},{"@type":"Organization","@id":"https:\/\/season2seasonyardcare.ca\/fr\/#organization","name":"Season2Season Yard Care","url":"https:\/\/season2seasonyardcare.ca\/fr\/","logo":{"@type":"ImageObject","inLanguage":"fr-FR","@id":"https:\/\/season2seasonyardcare.ca\/fr\/#\/schema\/logo\/image\/","url":"https:\/\/season2seasonyardcare.ca\/wp-content\/uploads\/2023\/11\/logo-web.png","contentUrl":"https:\/\/season2seasonyardcare.ca\/wp-content\/uploads\/2023\/11\/logo-web.png","width":486,"height":168,"caption":"Season2Season Yard Care"},"image":{"@id":"https:\/\/season2seasonyardcare.ca\/fr\/#\/schema\/logo\/image\/"},"sameAs":["https:\/\/www.facebook.com\/Season2Seasonyardcare\/","https:\/\/www.instagram.com\/season2seasonyardcare_timmins\/"]}]}},"_links":{"self":[{"href":"https:\/\/season2seasonyardcare.ca\/fr\/wp-json\/wp\/v2\/pages\/13596","targetHints":{"allow":["GET"]}}],"collection":[{"href":"https:\/\/season2seasonyardcare.ca\/fr\/wp-json\/wp\/v2\/pages"}],"about":[{"href":"https:\/\/season2seasonyardcare.ca\/fr\/wp-json\/wp\/v2\/types\/page"}],"author":[{"embeddable":true,"href":"https:\/\/season2seasonyardcare.ca\/fr\/wp-json\/wp\/v2\/users\/1"}],"replies":[{"embeddable":true,"href":"https:\/\/season2seasonyardcare.ca\/fr\/wp-json\/wp\/v2\/comments?post=13596"}],"version-history":[{"count":21,"href":"https:\/\/season2seasonyardcare.ca\/fr\/wp-json\/wp\/v2\/pages\/13596\/revisions"}],"predecessor-version":[{"id":14040,"href":"https:\/\/season2seasonyardcare.ca\/fr\/wp-json\/wp\/v2\/pages\/13596\/revisions\/14040"}],"wp:attachment":[{"href":"https:\/\/season2seasonyardcare.ca\/fr\/wp-json\/wp\/v2\/media?parent=13596"}],"curies":[{"name":"wp","href":"https:\/\/api.w.org\/{rel}","templated":true}]}}