{"id":13482,"date":"2022-04-11T07:38:12","date_gmt":"2022-04-11T11:38:12","guid":{"rendered":"https:\/\/season2seasonyardcare.ca\/a-propos-de-nous\/"},"modified":"2024-03-12T16:08:24","modified_gmt":"2024-03-12T20:08:24","slug":"a-propos-de-nous","status":"publish","type":"page","link":"https:\/\/season2seasonyardcare.ca\/fr\/a-propos-de-nous\/","title":{"rendered":"\u00c0 notre sujet"},"content":{"rendered":"\t\t<div data-elementor-type=\"wp-page\" data-elementor-id=\"13482\" class=\"elementor elementor-13482 elementor-21\">\n\t\t\t\t        <section class=\"elementor-section elementor-top-section elementor-element elementor-element-ddd9e16 elementor-section-stretched elementor-section-boxed elementor-section-height-default elementor-section-height-default pxl-type-header-none pxl-bg-color-none pxl-row-scroll-none\" data-id=\"ddd9e16\" data-element_type=\"section\" data-settings=\"{&quot;stretch_section&quot;:&quot;section-stretched&quot;,&quot;background_background&quot;:&quot;classic&quot;}\">\n\n                            <div class=\"elementor-background-overlay\"><\/div>\n            \n                <div class=\"elementor-container elementor-column-gap-extended \">\n                <div class=\"elementor-column elementor-col-100 elementor-top-column elementor-element elementor-element-8c9bc3a pxl-col-none pxl-column-none\" data-id=\"8c9bc3a\" data-element_type=\"column\">\r\n                            <div class=\"elementor-widget-wrap elementor-element-populated\">\r\n         \r\n                <section class=\"elementor-section elementor-inner-section elementor-element elementor-element-ab5ca53 elementor-section-content-middle elementor-section-boxed elementor-section-height-default elementor-section-height-default pxl-type-header-none pxl-bg-color-none pxl-row-scroll-none\" data-id=\"ab5ca53\" data-element_type=\"section\">\n\n                \n                <div class=\"elementor-container elementor-column-gap-extended \">\n                <div class=\"elementor-column elementor-col-50 elementor-inner-column elementor-element elementor-element-03b0254 pxl-col-none pxl-column-none\" data-id=\"03b0254\" data-element_type=\"column\">\r\n                            <div class=\"elementor-widget-wrap elementor-element-populated\">\r\n         \r\n        \t\t<div class=\"elementor-element elementor-element-8c38cf6 elementor-widget elementor-widget-pxl_heading\" data-id=\"8c38cf6\" data-element_type=\"widget\" data-widget_type=\"pxl_heading.default\">\n\t\t\t\t<div class=\"elementor-widget-container\">\n\t\t\t<div class=\"pxl-heading\">\n\t<div class=\"pxl-heading--inner\">\n\t\t\t\t\t<div class=\"pxl-item--subtitle sub-text-gradient \" data-wow-delay=\"ms\"><span>SEASON 2 SEASON Yard Care<\/span><\/div>\n\t\t\t\t<h3 class=\"pxl-item--title  \" data-wow-delay=\"ms\">\n\t\t\tQui nous sommes\t\t\n\t\t<\/h3>\n\t<\/div>\n<\/div>\t\t<\/div>\n\t\t\t\t<\/div>\n\t\t\t\t<div class=\"elementor-element elementor-element-f4fbbae elementor-widget elementor-widget-pxl_text_editor\" data-id=\"f4fbbae\" data-element_type=\"widget\" data-widget_type=\"pxl_text_editor.default\">\n\t\t\t\t<div class=\"elementor-widget-container\">\n\t\t\t<div class=\"pxl-text-editor  style-default\">\n\t<div class=\"pxl-item--inner text-color \" data-wow-delay=\"ms\">\n\t\t<p>Chez Season 2 Season Yard Care, nous sommes fiers d&#8217;\u00eatre la premi\u00e8re entreprise d&#8217;entretien de cour \u00e0 Timmins, en Ontario. Avec une passion pour la transformation des espaces ext\u00e9rieurs, notre \u00e9quipe d\u00e9vou\u00e9e apporte des ann\u00e9es d&#8217;expertise \u00e0 chaque pelouse et jardin. De la tonte m\u00e9ticuleuse de la pelouse \u00e0 l&#8217;entretien complet du jardin, nous nous engageons \u00e0 am\u00e9liorer la beaut\u00e9 de votre propri\u00e9t\u00e9. Nich\u00e9s au c\u0153ur de Timmins, nos racines locales alimentent notre engagement envers la communaut\u00e9, en offrant des solutions sur mesure pour r\u00e9pondre aux besoins uniques des paysages du Nord de l&#8217;Ontario. Chez Season 2 Season Yard Care, nous allons au-del\u00e0 de l&#8217;entretien des jardins &#8211; nous cultivons des havres ext\u00e9rieurs vibrants et prosp\u00e8res.<\/p>\t<\/div>\n<\/div>\t\t<\/div>\n\t\t\t\t<\/div>\n\t\t\t\t<div class=\"elementor-element elementor-element-0f0715d elementor-widget__width-auto elementor-widget elementor-widget-pxl_button\" data-id=\"0f0715d\" data-element_type=\"widget\" data-widget_type=\"pxl_button.default\">\n\t\t\t\t<div class=\"elementor-widget-container\">\n\t\t\t<div class=\"pxl-button\">\n    <a class=\"btn   btn-gradient  pxl-icon--right\" href=\"https:\/\/season2seasonyardcare.ca\/quote\/\" data-wow-delay=\"ms\">\n        <i aria-hidden=\"true\" class=\"flaticon flaticon-right-arrow\"><\/i>        <span class=\"pxl--btn-text\" data-text=\"Demandez un devis gratuit.\">\n            Demandez un devis gratuit.        <\/span>\n    <\/a>\n<\/div>\t\t<\/div>\n\t\t\t\t<\/div>\n\t\t\t\t<div class=\"elementor-element elementor-element-40477c1 elementor-widget__width-auto elementor-widget elementor-widget-pxl_getintouch\" data-id=\"40477c1\" data-element_type=\"widget\" data-widget_type=\"pxl_getintouch.default\">\n\t\t\t\t<div class=\"elementor-widget-container\">\n\t\t\t    <div class=\"pxl-getintouch layout2 l2-style1  \" data-wow-delay=\"ms\">\n                        <div class=\"item-getintouch\">\n                                            <span class=\"item-icon icon-none\">\n                            <i aria-hidden=\"true\" class=\"flaticon flaticon-telephone-call\"><\/i>                        <\/span>\n                                        <span class=\"item-content\">\n                                                    <span class=\"pxl-label\">Appelez-nous<\/span>\n                            <span class=\"pxl-text\">(705) 465-3547 <\/span>\n                                            <\/span>\n                <\/div>\n            <\/div>\n\t\t<\/div>\n\t\t\t\t<\/div>\n\t\t            <\/div>\r\n        <\/div>\r\n                <div class=\"elementor-column elementor-col-50 elementor-inner-column elementor-element elementor-element-c32caba pxl-col-none pxl-column-none\" data-id=\"c32caba\" data-element_type=\"column\">\r\n                            <div class=\"elementor-widget-wrap elementor-element-populated\">\r\n         \r\n        \t\t<div class=\"elementor-element elementor-element-501c69c elementor-widget elementor-widget-pxl_video_player\" data-id=\"501c69c\" data-element_type=\"widget\" data-widget_type=\"pxl_video_player.default\">\n\t\t\t\t<div class=\"elementor-widget-container\">\n\t\t\t<div class=\"pxl-video-player pxl-video-player1 pxl-video-style2 \" data-wow-delay=\"ms\">\n    <div class=\"pxl-video--inner\">\n                    <div class=\"pxl-video--holder\">\n                                    <div class=\"pxl-video--imagebg bg-image\" style=\"background-image: url(https:\/\/season2seasonyardcare.ca\/wp-content\/uploads\/2023\/11\/175872895_1382129712150567_3124805339388879565_n.jpg);\"><\/div>\n                            <\/div>\n                    <\/div>\n<\/div>\t\t<\/div>\n\t\t\t\t<\/div>\n\t\t            <\/div>\r\n        <\/div>\r\n        \t\t\t<\/div>\n\t\t<\/section>\n\t\t            <\/div>\r\n        <\/div>\r\n        \t\t\t<\/div>\n\t\t<\/section>\n\t\t        <section class=\"elementor-section elementor-top-section elementor-element elementor-element-166be7b2 elementor-section-stretched elementor-section-boxed elementor-section-height-default elementor-section-height-default pxl-type-header-none pxl-bg-color-none pxl-row-scroll-none\" data-id=\"166be7b2\" data-element_type=\"section\" data-settings=\"{&quot;stretch_section&quot;:&quot;section-stretched&quot;,&quot;background_background&quot;:&quot;classic&quot;}\">\n\n                \n                <div class=\"elementor-container elementor-column-gap-default \">\n                <div class=\"elementor-column elementor-col-100 elementor-top-column elementor-element elementor-element-2679ce3c pxl-col-none pxl-column-none\" data-id=\"2679ce3c\" data-element_type=\"column\">\r\n                            <div class=\"elementor-widget-wrap elementor-element-populated\">\r\n         \r\n        \t\t<div class=\"elementor-element elementor-element-492f071f elementor-widget elementor-widget-pxl_heading\" data-id=\"492f071f\" data-element_type=\"widget\" data-widget_type=\"pxl_heading.default\">\n\t\t\t\t<div class=\"elementor-widget-container\">\n\t\t\t<div class=\"pxl-heading\">\n\t<div class=\"pxl-heading--inner\">\n\t\t\t\t<h3 class=\"pxl-item--title wow fadeInDown \" data-wow-delay=\"200ms\">\n\t\t\tForfaits personnalis\u00e9s pour r\u00e9pondre \u00e0 vos besoins.\t\t\n\t\t<\/h3>\n\t<\/div>\n<\/div>\t\t<\/div>\n\t\t\t\t<\/div>\n\t\t\t\t<div class=\"elementor-element elementor-element-77c3d357 elementor-align-center elementor-widget elementor-widget-pxl_button\" data-id=\"77c3d357\" data-element_type=\"widget\" data-widget_type=\"pxl_button.default\">\n\t\t\t\t<div class=\"elementor-widget-container\">\n\t\t\t<div class=\"pxl-button\">\n    <a class=\"btn   btn-gradient  pxl-icon--right\" href=\"https:\/\/season2seasonyardcare.ca\/packages\/\" data-wow-delay=\"ms\">\n        <i aria-hidden=\"true\" class=\"flaticon flaticon-right-arrow\"><\/i>        <span class=\"pxl--btn-text\" data-text=\"Consultez nos forfaits.\">\n            Consultez nos forfaits.        <\/span>\n    <\/a>\n<\/div>\t\t<\/div>\n\t\t\t\t<\/div>\n\t\t            <\/div>\r\n        <\/div>\r\n        \t\t\t<\/div>\n\t\t<\/section>\n\t\t        <section class=\"elementor-section elementor-top-section elementor-element elementor-element-f60dad4 elementor-section-boxed elementor-section-height-default elementor-section-height-default pxl-type-header-none pxl-bg-color-none pxl-row-scroll-none\" data-id=\"f60dad4\" data-element_type=\"section\" data-settings=\"{&quot;background_background&quot;:&quot;classic&quot;}\">\n\n                            <div class=\"elementor-background-overlay\"><\/div>\n            \n                <div class=\"elementor-container elementor-column-gap-extended \">\n                <div class=\"elementor-column elementor-col-100 elementor-top-column elementor-element elementor-element-2cf1ee8f pxl-col-none pxl-column-none\" data-id=\"2cf1ee8f\" data-element_type=\"column\">\r\n                            <div class=\"elementor-widget-wrap elementor-element-populated\">\r\n         \r\n        \t\t<div class=\"elementor-element elementor-element-8aeae6b elementor-widget elementor-widget-pxl_heading\" data-id=\"8aeae6b\" data-element_type=\"widget\" data-widget_type=\"pxl_heading.default\">\n\t\t\t\t<div class=\"elementor-widget-container\">\n\t\t\t<div class=\"pxl-heading\">\n\t<div class=\"pxl-heading--inner\">\n\t\t\t\t\t<div class=\"pxl-item--subtitle sub-text-gradient \" data-wow-delay=\"ms\"><span>Season 2 Season<\/span><\/div>\n\t\t\t\t<h3 class=\"pxl-item--title  \" data-wow-delay=\"ms\">\n\t\t\tCe que disent nos clients\t\t\n\t\t<\/h3>\n\t<\/div>\n<\/div>\t\t<\/div>\n\t\t\t\t<\/div>\n\t\t\t\t<div class=\"elementor-element elementor-element-a8c4f59 elementor-widget elementor-widget-pxl_testimonial_carousel\" data-id=\"a8c4f59\" data-element_type=\"widget\" data-widget_type=\"pxl_testimonial_carousel.default\">\n\t\t\t\t<div class=\"elementor-widget-container\">\n\t\t\t    <div class=\"pxl-swiper-sliders pxl-testimonial-carousel pxl-testimonial-carousel3 pxl-swiper-boxshadow pxl-swiper-arrow-show\" data-view-auto=\"1\">\n        <div class=\"pxl-carousel-inner\">\n            <div class=\"pxl-swiper-container\" dir=\"ltr\" data-settings=\"{&quot;slide_direction&quot;:&quot;horizontal&quot;,&quot;slide_percolumn&quot;:&quot;1&quot;,&quot;slide_mode&quot;:&quot;slide&quot;,&quot;slides_to_show&quot;:&quot;1&quot;,&quot;slides_to_show_xxl&quot;:&quot;1&quot;,&quot;slides_to_show_lg&quot;:&quot;1&quot;,&quot;slides_to_show_md&quot;:&quot;1&quot;,&quot;slides_to_show_sm&quot;:&quot;1&quot;,&quot;slides_to_show_xs&quot;:&quot;1&quot;,&quot;slides_to_scroll&quot;:&quot;1&quot;,&quot;arrow&quot;:&quot;false&quot;,&quot;pagination&quot;:&quot;false&quot;,&quot;pagination_type&quot;:&quot;bullets&quot;,&quot;autoplay&quot;:&quot;true&quot;,&quot;pause_on_hover&quot;:&quot;&quot;,&quot;pause_on_interaction&quot;:&quot;true&quot;,&quot;delay&quot;:5000,&quot;loop&quot;:&quot;false&quot;,&quot;speed&quot;:500}\">\n                <div class=\"pxl-swiper-wrapper\">\n                                            <div class=\"pxl-swiper-slide\">\n                            <div class=\"pxl-item--inner \" data-wow-delay=\"ms\">\n                                <div class=\"pxl-item--star pxl-item--5-star\">\n                                    <i class=\"far fa-star\"><\/i>\n                                    <i class=\"far fa-star\"><\/i>\n                                    <i class=\"far fa-star\"><\/i>\n                                    <i class=\"far fa-star\"><\/i>\n                                    <i class=\"far fa-star\"><\/i>\n                                <\/div>\n                                <div class=\"pxl-item--desc el-empty\">I wish to give a shout out to Joel for maintaining and looking after my eqipment this summer. Thank you. A great job and very much appreciated. See you next summer.<\/div>\n                           <\/div>\n                        <\/div>\n                                            <div class=\"pxl-swiper-slide\">\n                            <div class=\"pxl-item--inner \" data-wow-delay=\"ms\">\n                                <div class=\"pxl-item--star pxl-item--5-star\">\n                                    <i class=\"far fa-star\"><\/i>\n                                    <i class=\"far fa-star\"><\/i>\n                                    <i class=\"far fa-star\"><\/i>\n                                    <i class=\"far fa-star\"><\/i>\n                                    <i class=\"far fa-star\"><\/i>\n                                <\/div>\n                                <div class=\"pxl-item--desc el-empty\">Great service, reasonable price! Happy to have found a reliable and excellent yard care business!<\/div>\n                           <\/div>\n                        <\/div>\n                                            <div class=\"pxl-swiper-slide\">\n                            <div class=\"pxl-item--inner \" data-wow-delay=\"ms\">\n                                <div class=\"pxl-item--star pxl-item--5-star\">\n                                    <i class=\"far fa-star\"><\/i>\n                                    <i class=\"far fa-star\"><\/i>\n                                    <i class=\"far fa-star\"><\/i>\n                                    <i class=\"far fa-star\"><\/i>\n                                    <i class=\"far fa-star\"><\/i>\n                                <\/div>\n                                <div class=\"pxl-item--desc el-empty\">Season2Season did a great job cleaning our yard. Quick to respond, and quick to get the job done.<\/div>\n                           <\/div>\n                        <\/div>\n                                    <\/div>\n            <\/div>\n            <div class=\"pxl-swiper-thumbs\" data-loop=\"\">\n                <div class=\"swiper-wrapper\">\n                                            <div class=\"swiper-slide\">\n                            <div class=\"pxl-item--inner\">\n                                                                <div class=\"pxl-item--meta\">\n                                    <h4 class=\"pxl-item--title el-empty\">Happy Client<\/h4>\n                                    <span class=\"pxl-item--position el-empty\"> <\/span>\n                                <\/div>\n                           <\/div>\n                        <\/div>\n                                            <div class=\"swiper-slide\">\n                            <div class=\"pxl-item--inner\">\n                                                                <div class=\"pxl-item--meta\">\n                                    <h4 class=\"pxl-item--title el-empty\">Happy Client<\/h4>\n                                    <span class=\"pxl-item--position el-empty\"> <\/span>\n                                <\/div>\n                           <\/div>\n                        <\/div>\n                                            <div class=\"swiper-slide\">\n                            <div class=\"pxl-item--inner\">\n                                                                <div class=\"pxl-item--meta\">\n                                    <h4 class=\"pxl-item--title el-empty\">Happy Client<\/h4>\n                                    <span class=\"pxl-item--position el-empty\"> <\/span>\n                                <\/div>\n                           <\/div>\n                        <\/div>\n                                    <\/div>\n            <\/div>\n                                <\/div>\n    <\/div>\n\t\t<\/div>\n\t\t\t\t<\/div>\n\t\t            <\/div>\r\n        <\/div>\r\n        \t\t\t<\/div>\n\t\t<\/section>\n\t\t\t\t<\/div>\n\t\t","protected":false},"excerpt":{"rendered":"<p>SEASON 2 SEASON Yard Care Qui nous sommes Chez Season 2 Season Yard Care, nous sommes fiers d&#8217;\u00eatre la premi\u00e8re entreprise d&#8217;entretien de cour \u00e0 Timmins, en Ontario. Avec une passion pour la transformation des espaces ext\u00e9rieurs, notre \u00e9quipe d\u00e9vou\u00e9e apporte des ann\u00e9es d&#8217;expertise \u00e0 chaque pelouse et jardin. De la tonte m\u00e9ticuleuse de la [&hellip;]<\/p>\n","protected":false},"author":1,"featured_media":0,"parent":0,"menu_order":0,"comment_status":"closed","ping_status":"closed","template":"","meta":{"footnotes":""},"class_list":["post-13482","page","type-page","status-publish","hentry"],"yoast_head":"<!-- This site is optimized with the Yoast SEO plugin v22.6 - https:\/\/yoast.com\/wordpress\/plugins\/seo\/ -->\n<title>\u00c0 notre sujet - Season 2 Season Yard Care<\/title>\n<meta name=\"robots\" content=\"index, follow, max-snippet:-1, max-image-preview:large, max-video-preview:-1\" \/>\n<link rel=\"canonical\" href=\"https:\/\/season2seasonyardcare.ca\/fr\/a-propos-de-nous\/\" \/>\n<meta property=\"og:locale\" content=\"fr_FR\" \/>\n<meta property=\"og:type\" content=\"article\" \/>\n<meta property=\"og:title\" content=\"\u00c0 notre sujet - Season 2 Season Yard Care\" \/>\n<meta property=\"og:description\" content=\"SEASON 2 SEASON Yard Care Qui nous sommes Chez Season 2 Season Yard Care, nous sommes fiers d&#8217;\u00eatre la premi\u00e8re entreprise d&#8217;entretien de cour \u00e0 Timmins, en Ontario. Avec une passion pour la transformation des espaces ext\u00e9rieurs, notre \u00e9quipe d\u00e9vou\u00e9e apporte des ann\u00e9es d&#8217;expertise \u00e0 chaque pelouse et jardin. De la tonte m\u00e9ticuleuse de la [&hellip;]\" \/>\n<meta property=\"og:url\" content=\"https:\/\/season2seasonyardcare.ca\/fr\/a-propos-de-nous\/\" \/>\n<meta property=\"og:site_name\" content=\"Season 2 Season Yard Care\" \/>\n<meta property=\"article:publisher\" content=\"https:\/\/www.facebook.com\/Season2Seasonyardcare\/\" \/>\n<meta property=\"article:modified_time\" content=\"2024-03-12T20:08:24+00:00\" \/>\n<meta name=\"twitter:card\" content=\"summary_large_image\" \/>\n<meta name=\"twitter:label1\" content=\"Dur\u00e9e de lecture estim\u00e9e\" \/>\n\t<meta name=\"twitter:data1\" content=\"1 minute\" \/>\n<script type=\"application\/ld+json\" class=\"yoast-schema-graph\">{\"@context\":\"https:\/\/schema.org\",\"@graph\":[{\"@type\":\"WebPage\",\"@id\":\"https:\/\/season2seasonyardcare.ca\/fr\/a-propos-de-nous\/\",\"url\":\"https:\/\/season2seasonyardcare.ca\/fr\/a-propos-de-nous\/\",\"name\":\"\u00c0 notre sujet - Season 2 Season Yard Care\",\"isPartOf\":{\"@id\":\"https:\/\/season2seasonyardcare.ca\/fr\/#website\"},\"datePublished\":\"2022-04-11T11:38:12+00:00\",\"dateModified\":\"2024-03-12T20:08:24+00:00\",\"breadcrumb\":{\"@id\":\"https:\/\/season2seasonyardcare.ca\/fr\/a-propos-de-nous\/#breadcrumb\"},\"inLanguage\":\"fr-FR\",\"potentialAction\":[{\"@type\":\"ReadAction\",\"target\":[\"https:\/\/season2seasonyardcare.ca\/fr\/a-propos-de-nous\/\"]}]},{\"@type\":\"BreadcrumbList\",\"@id\":\"https:\/\/season2seasonyardcare.ca\/fr\/a-propos-de-nous\/#breadcrumb\",\"itemListElement\":[{\"@type\":\"ListItem\",\"position\":1,\"name\":\"Home\",\"item\":\"https:\/\/season2seasonyardcare.ca\/fr\/\"},{\"@type\":\"ListItem\",\"position\":2,\"name\":\"\u00c0 notre sujet\"}]},{\"@type\":\"WebSite\",\"@id\":\"https:\/\/season2seasonyardcare.ca\/fr\/#website\",\"url\":\"https:\/\/season2seasonyardcare.ca\/fr\/\",\"name\":\"Season2Season Yard Care\",\"description\":\"Timmins, ON\",\"publisher\":{\"@id\":\"https:\/\/season2seasonyardcare.ca\/fr\/#organization\"},\"potentialAction\":[{\"@type\":\"SearchAction\",\"target\":{\"@type\":\"EntryPoint\",\"urlTemplate\":\"https:\/\/season2seasonyardcare.ca\/fr\/?s={search_term_string}\"},\"query-input\":\"required name=search_term_string\"}],\"inLanguage\":\"fr-FR\"},{\"@type\":\"Organization\",\"@id\":\"https:\/\/season2seasonyardcare.ca\/fr\/#organization\",\"name\":\"Season2Season Yard Care\",\"url\":\"https:\/\/season2seasonyardcare.ca\/fr\/\",\"logo\":{\"@type\":\"ImageObject\",\"inLanguage\":\"fr-FR\",\"@id\":\"https:\/\/season2seasonyardcare.ca\/fr\/#\/schema\/logo\/image\/\",\"url\":\"https:\/\/season2seasonyardcare.ca\/wp-content\/uploads\/2023\/11\/logo-web.png\",\"contentUrl\":\"https:\/\/season2seasonyardcare.ca\/wp-content\/uploads\/2023\/11\/logo-web.png\",\"width\":486,\"height\":168,\"caption\":\"Season2Season Yard Care\"},\"image\":{\"@id\":\"https:\/\/season2seasonyardcare.ca\/fr\/#\/schema\/logo\/image\/\"},\"sameAs\":[\"https:\/\/www.facebook.com\/Season2Seasonyardcare\/\",\"https:\/\/www.instagram.com\/season2seasonyardcare_timmins\/\"]}]}<\/script>\n<!-- \/ Yoast SEO plugin. -->","yoast_head_json":{"title":"\u00c0 notre sujet - Season 2 Season Yard Care","robots":{"index":"index","follow":"follow","max-snippet":"max-snippet:-1","max-image-preview":"max-image-preview:large","max-video-preview":"max-video-preview:-1"},"canonical":"https:\/\/season2seasonyardcare.ca\/fr\/a-propos-de-nous\/","og_locale":"fr_FR","og_type":"article","og_title":"\u00c0 notre sujet - Season 2 Season Yard Care","og_description":"SEASON 2 SEASON Yard Care Qui nous sommes Chez Season 2 Season Yard Care, nous sommes fiers d&#8217;\u00eatre la premi\u00e8re entreprise d&#8217;entretien de cour \u00e0 Timmins, en Ontario. Avec une passion pour la transformation des espaces ext\u00e9rieurs, notre \u00e9quipe d\u00e9vou\u00e9e apporte des ann\u00e9es d&#8217;expertise \u00e0 chaque pelouse et jardin. De la tonte m\u00e9ticuleuse de la [&hellip;]","og_url":"https:\/\/season2seasonyardcare.ca\/fr\/a-propos-de-nous\/","og_site_name":"Season 2 Season Yard Care","article_publisher":"https:\/\/www.facebook.com\/Season2Seasonyardcare\/","article_modified_time":"2024-03-12T20:08:24+00:00","twitter_card":"summary_large_image","twitter_misc":{"Dur\u00e9e de lecture estim\u00e9e":"1 minute"},"schema":{"@context":"https:\/\/schema.org","@graph":[{"@type":"WebPage","@id":"https:\/\/season2seasonyardcare.ca\/fr\/a-propos-de-nous\/","url":"https:\/\/season2seasonyardcare.ca\/fr\/a-propos-de-nous\/","name":"\u00c0 notre sujet - Season 2 Season Yard Care","isPartOf":{"@id":"https:\/\/season2seasonyardcare.ca\/fr\/#website"},"datePublished":"2022-04-11T11:38:12+00:00","dateModified":"2024-03-12T20:08:24+00:00","breadcrumb":{"@id":"https:\/\/season2seasonyardcare.ca\/fr\/a-propos-de-nous\/#breadcrumb"},"inLanguage":"fr-FR","potentialAction":[{"@type":"ReadAction","target":["https:\/\/season2seasonyardcare.ca\/fr\/a-propos-de-nous\/"]}]},{"@type":"BreadcrumbList","@id":"https:\/\/season2seasonyardcare.ca\/fr\/a-propos-de-nous\/#breadcrumb","itemListElement":[{"@type":"ListItem","position":1,"name":"Home","item":"https:\/\/season2seasonyardcare.ca\/fr\/"},{"@type":"ListItem","position":2,"name":"\u00c0 notre sujet"}]},{"@type":"WebSite","@id":"https:\/\/season2seasonyardcare.ca\/fr\/#website","url":"https:\/\/season2seasonyardcare.ca\/fr\/","name":"Season2Season Yard Care","description":"Timmins, ON","publisher":{"@id":"https:\/\/season2seasonyardcare.ca\/fr\/#organization"},"potentialAction":[{"@type":"SearchAction","target":{"@type":"EntryPoint","urlTemplate":"https:\/\/season2seasonyardcare.ca\/fr\/?s={search_term_string}"},"query-input":"required name=search_term_string"}],"inLanguage":"fr-FR"},{"@type":"Organization","@id":"https:\/\/season2seasonyardcare.ca\/fr\/#organization","name":"Season2Season Yard Care","url":"https:\/\/season2seasonyardcare.ca\/fr\/","logo":{"@type":"ImageObject","inLanguage":"fr-FR","@id":"https:\/\/season2seasonyardcare.ca\/fr\/#\/schema\/logo\/image\/","url":"https:\/\/season2seasonyardcare.ca\/wp-content\/uploads\/2023\/11\/logo-web.png","contentUrl":"https:\/\/season2seasonyardcare.ca\/wp-content\/uploads\/2023\/11\/logo-web.png","width":486,"height":168,"caption":"Season2Season Yard Care"},"image":{"@id":"https:\/\/season2seasonyardcare.ca\/fr\/#\/schema\/logo\/image\/"},"sameAs":["https:\/\/www.facebook.com\/Season2Seasonyardcare\/","https:\/\/www.instagram.com\/season2seasonyardcare_timmins\/"]}]}},"_links":{"self":[{"href":"https:\/\/season2seasonyardcare.ca\/fr\/wp-json\/wp\/v2\/pages\/13482","targetHints":{"allow":["GET"]}}],"collection":[{"href":"https:\/\/season2seasonyardcare.ca\/fr\/wp-json\/wp\/v2\/pages"}],"about":[{"href":"https:\/\/season2seasonyardcare.ca\/fr\/wp-json\/wp\/v2\/types\/page"}],"author":[{"embeddable":true,"href":"https:\/\/season2seasonyardcare.ca\/fr\/wp-json\/wp\/v2\/users\/1"}],"replies":[{"embeddable":true,"href":"https:\/\/season2seasonyardcare.ca\/fr\/wp-json\/wp\/v2\/comments?post=13482"}],"version-history":[{"count":10,"href":"https:\/\/season2seasonyardcare.ca\/fr\/wp-json\/wp\/v2\/pages\/13482\/revisions"}],"predecessor-version":[{"id":13840,"href":"https:\/\/season2seasonyardcare.ca\/fr\/wp-json\/wp\/v2\/pages\/13482\/revisions\/13840"}],"wp:attachment":[{"href":"https:\/\/season2seasonyardcare.ca\/fr\/wp-json\/wp\/v2\/media?parent=13482"}],"curies":[{"name":"wp","href":"https:\/\/api.w.org\/{rel}","templated":true}]}}